{"id":12,"date":"2012-11-20T10:53:23","date_gmt":"2012-11-20T09:53:23","guid":{"rendered":"http:\/\/pessebre.net.mialias.net\/?page_id=12"},"modified":"2024-11-28T12:08:18","modified_gmt":"2024-11-28T11:08:18","slug":"representacions","status":"publish","type":"page","link":"https:\/\/pessebre.net\/?page_id=12","title":{"rendered":"Hist\u00f2ria"},"content":{"rendered":"\n<p>Tenir, per una banda, la voluntat d\u2019innovar i, per l\u2019altra, un entorn natural atractiu, ens va emp\u00e8nyer (el lluny\u00e0 any 1976) a deixar de fer la tradicional vetllada de Pastorets de Folch i Torres i Josep Maria de Sagarra al local parroquial, i traslladar-la pels carrers del poble.<\/p>\n\n\n\n<p>Fou d\u2019aquesta manera com va n\u00e9ixer el nostre&nbsp;<strong>Pessebre Vivent Parlat<\/strong>.<\/p>\n\n\n\n<p>El primer recorregut comen\u00e7ava a l\u2019esgl\u00e9sia i travessava tot el poble per acabar a la cova Gran. Amb el pas dels anys, aquest recorregut es va anar adaptant i modificant, fins a deixar totalment enrere els carrers del poble i empla\u00e7ar-se on actualment,&nbsp;&nbsp;la serra de Les Gunyoles, sent el punt neur\u00e0lgic d\u2019aquest recorregut la cova de pedra natural anteriorment esmentada.<\/p>\n\n\n\n<p>Aquest, \u00e9s un escenari totalment natural (tret d\u2019alguns edificis, que vam construir simulant l\u2019arquitectura de l\u2019\u00e8poca) que permet traslladar-vos m\u00e9s de dos mil anys enrere i fer-vos sentir immersos en l\u2019\u00e8poca en que va tenir lloc aquest moment de la hist\u00f2ria del cristianisme.<\/p>\n\n\n\n<p>Al llarg dels anys, les millores t\u00e8cniques i est\u00e8tiques, la dedicaci\u00f3 durant pr\u00e0cticament tot l\u2019any per preparar la seg\u00fcent edici\u00f3 i, sobretot, l\u2019experi\u00e8ncia dels que el fem possible, ha anat augmentant la qualitat de l\u2019espectacle i han perm\u00e8s que, aquest, cada cop esdevingui m\u00e9s professionalitzat, sense perdre en cap moment l\u2019ess\u00e8ncia dels primers anys. Una tradici\u00f3 que, des de 1976 va passant d\u2019avis a pares, i de pares a fills, i que nom\u00e9s s\u2019ha vist interrompuda per la pand\u00e8mia de la Covid19.<\/p>\n\n\n\n<p>El motiu que tenen les gunyolenques i gunyolencs que ja no viuen al poble per tornar-hi en aquestes dates, no \u00e9s per celebrar les festes de nadal;&nbsp;<strong>\u00e9s per (com diem) \u201cfer\u201d Pessebre.&nbsp;<\/strong>Perqu\u00e8 per nosaltres,&nbsp;<strong>un nadal sense Pessebre, no \u00e9s nadal.<\/strong><\/p>\n\n\n\n<p class=\"has-drop-cap has-text-align-left has-black-color has-white-background-color has-text-color has-background\"><span style=\"color: #eaeaae; font-size: 14px;\"><br><\/span><\/p>\n","protected":false},"excerpt":{"rendered":"<p>Tenir, per una banda, la voluntat d\u2019innovar i, per l\u2019altra, un entorn natural atractiu, ens va emp\u00e8nyer (el lluny\u00e0 any 1976) a deixar de fer la tradicional vetllada de Pastorets de Folch i Torres i Josep Maria de Sagarra al local parroquial, i traslladar-la pels carrers del poble. Fou d\u2019aquesta manera com va n\u00e9ixer el [&hellip;]<\/p>\n","protected":false},"author":4,"featured_media":0,"parent":0,"menu_order":0,"comment_status":"closed","ping_status":"closed","template":"","meta":{"footnotes":""},"class_list":["post-12","page","type-page","status-publish","hentry"],"jetpack_sharing_enabled":true,"_links":{"self":[{"href":"https:\/\/pessebre.net\/index.php?rest_route=\/wp\/v2\/pages\/12","targetHints":{"allow":["GET"]}}],"collection":[{"href":"https:\/\/pessebre.net\/index.php?rest_route=\/wp\/v2\/pages"}],"about":[{"href":"https:\/\/pessebre.net\/index.php?rest_route=\/wp\/v2\/types\/page"}],"author":[{"embeddable":true,"href":"https:\/\/pessebre.net\/index.php?rest_route=\/wp\/v2\/users\/4"}],"replies":[{"embeddable":true,"href":"https:\/\/pessebre.net\/index.php?rest_route=%2Fwp%2Fv2%2Fcomments&post=12"}],"version-history":[{"count":0,"href":"https:\/\/pessebre.net\/index.php?rest_route=\/wp\/v2\/pages\/12\/revisions"}],"wp:attachment":[{"href":"https:\/\/pessebre.net\/index.php?rest_route=%2Fwp%2Fv2%2Fmedia&parent=12"}],"curies":[{"name":"wp","href":"https:\/\/api.w.org\/{rel}","templated":true}]}}