{"id":427,"date":"2022-10-08T11:28:49","date_gmt":"2022-10-08T10:28:49","guid":{"rendered":"http:\/\/www.pessebre.net\/?page_id=427"},"modified":"2023-11-24T11:11:25","modified_gmt":"2023-11-24T10:11:25","slug":"entrades","status":"publish","type":"page","link":"https:\/\/pessebre.net\/?page_id=427","title":{"rendered":"Entrades"},"content":{"rendered":"\n<div class=\"wp-block-buttons is-layout-flex wp-block-buttons-is-layout-flex\" id=\"ENTRADES\">\n<div class=\"wp-block-button has-custom-width wp-block-button__width-100 has-custom-font-size is-style-fill has-x-large-font-size\" id=\"ENTRADES\"><a class=\"wp-block-button__link wp-element-button\" href=\"\/\/entrades.pessebresvivents.cat\/Show\/Detail?Show=MTYuMTIzMTIzMTMxMjM%3D\" target=\"_blank\" rel=\"noopener\">VENTA D&#8217;ENTRADES<\/a><\/div>\n<\/div>\n\n\n\n<div style=\"height:100px\" aria-hidden=\"true\" class=\"wp-block-spacer\"><\/div>\n\n\n\n<h1 class=\"wp-block-heading\">PREUS<\/h1>\n\n\n\n<ul class=\"wp-block-list\">\n<li>Infants fins a 5 anys:                            <strong>Gratu\u00eft<\/strong><\/li>\n\n\n\n<li>Infants de 6 a 12 anys:                        <strong> 6\u20ac<\/strong><\/li>\n\n\n\n<li>Adults:                                                    <strong>10\u20ac<\/strong><\/li>\n\n\n\n<li>Grups de +20 persones:                     <strong>8\u20ac<\/strong><\/li>\n<\/ul>\n\n\n\n<div style=\"height:100px\" aria-hidden=\"true\" class=\"wp-block-spacer\"><\/div>\n\n\n\n<p>Es recomana la compra de les entrades online per evitar cues. <\/p>\n\n\n\n<p>Tot i aix\u00ed, a taquilla hi haur\u00e0 unes 50 entrades per cada passi. <\/p>\n\n\n\n<div style=\"height:100px\" aria-hidden=\"true\" class=\"wp-block-spacer\"><\/div>\n\n\n\n<p class=\"has-text-align-center has-medium-font-size\"><strong>CAL ARRIBAR AMB TEMPS D&#8217;ANTEL\u00b7LACI\u00d3 PER PODER ORGANITZAR ADEQUADAMENT ELS DIFERENTS PASSIS <\/strong><\/p>\n\n\n\n<div style=\"height:100px\" aria-hidden=\"true\" class=\"wp-block-spacer\"><\/div>\n\n\n\n<p>L&#8217;organitzaci\u00f3 dels diferents passis es realitza des del local de la Societat La Torre, lloc on t\u00e9 inici el recorregut fins a l&#8217;entrada del pessebre. <\/p>\n","protected":false},"excerpt":{"rendered":"<p>PREUS Es recomana la compra de les entrades online per evitar cues. Tot i aix\u00ed, a taquilla hi haur\u00e0 unes 50 entrades per cada passi. CAL ARRIBAR AMB TEMPS D&#8217;ANTEL\u00b7LACI\u00d3 PER PODER ORGANITZAR ADEQUADAMENT ELS DIFERENTS PASSIS L&#8217;organitzaci\u00f3 dels diferents passis es realitza des del local de la Societat La Torre, lloc on t\u00e9 inici [&hellip;]<\/p>\n","protected":false},"author":3,"featured_media":0,"parent":0,"menu_order":0,"comment_status":"closed","ping_status":"closed","template":"","meta":{"footnotes":""},"class_list":["post-427","page","type-page","status-publish","hentry"],"jetpack_sharing_enabled":true,"_links":{"self":[{"href":"https:\/\/pessebre.net\/index.php?rest_route=\/wp\/v2\/pages\/427","targetHints":{"allow":["GET"]}}],"collection":[{"href":"https:\/\/pessebre.net\/index.php?rest_route=\/wp\/v2\/pages"}],"about":[{"href":"https:\/\/pessebre.net\/index.php?rest_route=\/wp\/v2\/types\/page"}],"author":[{"embeddable":true,"href":"https:\/\/pessebre.net\/index.php?rest_route=\/wp\/v2\/users\/3"}],"replies":[{"embeddable":true,"href":"https:\/\/pessebre.net\/index.php?rest_route=%2Fwp%2Fv2%2Fcomments&post=427"}],"version-history":[{"count":0,"href":"https:\/\/pessebre.net\/index.php?rest_route=\/wp\/v2\/pages\/427\/revisions"}],"wp:attachment":[{"href":"https:\/\/pessebre.net\/index.php?rest_route=%2Fwp%2Fv2%2Fmedia&parent=427"}],"curies":[{"name":"wp","href":"https:\/\/api.w.org\/{rel}","templated":true}]}}