{"id":436,"date":"2022-10-08T11:41:13","date_gmt":"2022-10-08T10:41:13","guid":{"rendered":"http:\/\/www.pessebre.net\/?page_id=436"},"modified":"2022-12-04T09:08:25","modified_gmt":"2022-12-04T08:08:25","slug":"el-poble","status":"publish","type":"page","link":"https:\/\/pessebre.net\/?page_id=436","title":{"rendered":"El poble"},"content":{"rendered":"\n<p>Aix\u00ed doncs, a Les Gunyoles som un petit poble d\u2019uns 300 habitants (segons dades de 2021) situat dalt d\u2019un petit tur\u00f3, que pertanyem administrativament al municipi d\u2019Avinyonet del Pened\u00e8s.<\/p>\n\n\n\n<p>S\u2019han trobat certs indicis que ens fan pensar que el nostre territori ja va ser ocupat, al segle V a.C., per ibers. Les Gunyoles ha sigut, des de temps molt remots, terra de pas.<\/p>\n\n\n\n<p>L\u2019anomenada \u201cTorre romana\u201d (que servia de talaia d\u2019observaci\u00f3 de la secund\u00e0ria \u201cVia Mercadera\u201d), sitges trobades a diferents cases i un mil\u00b7liari (senyal informatiu col\u00b7locat a les vies romanes) son els primers indicatius clars que ens permeten passar d\u2019indicis a fets palpables que ens permeten assegurar, amb poc marge d\u2019error, que el nostre poble ja existia com a tal al segle I a.C.<\/p>\n\n\n\n<p>I finalment, a les acaballes del segle X, dels fets passem a les certeses, doncs \u00e9s&nbsp;&nbsp;en aquesta \u00e8poca on, sota el mandat de Sunyer I (fill de Guifr\u00e9 el Pil\u00f3s) al comtat de Barcelona, ja trobem, l\u2019any 978, la primera refer\u00e8ncia al nom del poble:&nbsp;<strong>\u201cCegugoles\u201d.&nbsp;<\/strong>Aquest top\u00f2nim de \u201cCegugoles\u201d (provinent, com a origen m\u00e9s acceptat, del&nbsp;&nbsp;llat\u00ed&nbsp;<em>ciconiolas<\/em>, que vol dir \u201ccigonyes petites\u201d)<em>&nbsp;<\/em>&nbsp;va anar evolucionant al llarg dels segles, fins arribar a com es coneix actualment.<\/p>\n\n\n\n<p>Nom\u00e9s arribar al nostre poble, trobareu la nostra edificaci\u00f3 m\u00e9s preuada, la que fa palesa la companyonia,&nbsp;&nbsp;l\u2019altruisme i la tenacitat que ens caracteritza a les gunyolenques i gunyolencs: el Local de la Societat. Despr\u00e9s de 4 anys d\u2019esfor\u00e7os (econ\u00f2mics i f\u00edsics) de tots nosaltres, i havent-lo hagut d\u2019aixecar dues vegades (doncs el dia de Santa Ll\u00facia de 1982, quan ja nom\u00e9s faltava col\u00b7locar la teulada una ventada ens el va deixar enderrocat), aquest fou inaugurat l\u20191 d\u2019abril de 1984. Per\u00f2 si arribeu amb temps a Les Gunyoles, i voleu&nbsp;&nbsp;con\u00e8ixer una mica m\u00e9s el nostre poble, aprofiteu per passejar pel nostre casc antic, on hi trobareu la torre romana que hem esmentat anteriorment, aix\u00ed com l\u2019esgl\u00e9sia edificada l\u2019any 1776 sobre les restes d\u2019una antiga esgl\u00e9sia rom\u00e0nica del segle XVI.<\/p>\n","protected":false},"excerpt":{"rendered":"<p>Aix\u00ed doncs, a Les Gunyoles som un petit poble d\u2019uns 300 habitants (segons dades de 2021) situat dalt d\u2019un petit tur\u00f3, que pertanyem administrativament al municipi d\u2019Avinyonet del Pened\u00e8s. S\u2019han trobat certs indicis que ens fan pensar que el nostre territori ja va ser ocupat, al segle V a.C., per ibers. Les Gunyoles ha sigut, [&hellip;]<\/p>\n","protected":false},"author":3,"featured_media":0,"parent":0,"menu_order":0,"comment_status":"closed","ping_status":"closed","template":"","meta":{"footnotes":""},"class_list":["post-436","page","type-page","status-publish","hentry"],"jetpack_sharing_enabled":true,"_links":{"self":[{"href":"https:\/\/pessebre.net\/index.php?rest_route=\/wp\/v2\/pages\/436","targetHints":{"allow":["GET"]}}],"collection":[{"href":"https:\/\/pessebre.net\/index.php?rest_route=\/wp\/v2\/pages"}],"about":[{"href":"https:\/\/pessebre.net\/index.php?rest_route=\/wp\/v2\/types\/page"}],"author":[{"embeddable":true,"href":"https:\/\/pessebre.net\/index.php?rest_route=\/wp\/v2\/users\/3"}],"replies":[{"embeddable":true,"href":"https:\/\/pessebre.net\/index.php?rest_route=%2Fwp%2Fv2%2Fcomments&post=436"}],"version-history":[{"count":0,"href":"https:\/\/pessebre.net\/index.php?rest_route=\/wp\/v2\/pages\/436\/revisions"}],"wp:attachment":[{"href":"https:\/\/pessebre.net\/index.php?rest_route=%2Fwp%2Fv2%2Fmedia&parent=436"}],"curies":[{"name":"wp","href":"https:\/\/api.w.org\/{rel}","templated":true}]}}